{"id":2700,"date":"2026-02-19T09:17:12","date_gmt":"2026-02-19T09:17:12","guid":{"rendered":"https:\/\/raccoon-cyber.com\/?post_type=product&#038;p=2700"},"modified":"2026-02-19T10:05:30","modified_gmt":"2026-02-19T10:05:30","slug":"lenovo-g4","status":"publish","type":"product","link":"https:\/\/raccoon-cyber.com\/index.php\/produit\/lenovo-g4\/","title":{"rendered":"LENOVO G4"},"content":{"rendered":"<div class=\"featureline\">\n<p data-start=\"29\" data-end=\"329\">PC portable 15,6&Prime; Full HD con\u00e7u pour un usage pro au quotidien. Il embarque un processeur AMD Ryzen 3 avec carte graphique AMD Radeon 610M, 8 Go de m\u00e9moire et 256 Go de stockage pour une utilisation fluide sur les t\u00e2ches courantes. Livr\u00e9 avec Windows 11 Pro et un pav\u00e9 num\u00e9rique pour plus de confort.<\/p>\n<\/div>\n","protected":false},"excerpt":{"rendered":"<div class=\"flex flex-col text-sm pb-25\">\n<article class=\"text-token-text-primary w-full focus:outline-none [--shadow-height:45px] has-data-writing-block:pointer-events-none has-data-writing-block:-mt-(--shadow-height) has-data-writing-block:pt-(--shadow-height) [&amp;:has([data-writing-block])&gt;*]:pointer-events-auto [content-visibility:auto] supports-[content-visibility:auto]:[contain-intrinsic-size:auto_100lvh] scroll-mt-[calc(var(--header-height)+min(200px,max(70px,20svh)))]\" dir=\"auto\" tabindex=\"-1\" data-turn-id=\"request-WEB:e7c2eb6a-3676-4db7-9c01-8065c9e74093-0\" data-testid=\"conversation-turn-2\" data-scroll-anchor=\"true\" data-turn=\"assistant\">\n<div class=\"text-base my-auto mx-auto pb-10 [--thread-content-margin:--spacing(4)] @w-sm\/main:[--thread-content-margin:--spacing(6)] @w-lg\/main:[--thread-content-margin:--spacing(16)] px-(--thread-content-margin)\">\n<div class=\"[--thread-content-max-width:40rem] @w-lg\/main:[--thread-content-max-width:48rem] mx-auto max-w-(--thread-content-max-width) flex-1 group\/turn-messages focus-visible:outline-hidden relative flex w-full min-w-0 flex-col agent-turn\" tabindex=\"-1\">\n<div class=\"flex max-w-full flex-col grow\">\n<div class=\"min-h-8 text-message relative flex w-full flex-col items-end gap-2 text-start break-words whitespace-normal [.text-message+&amp;]:mt-1\" dir=\"auto\" data-message-author-role=\"assistant\" data-message-id=\"f0680c1c-ccab-4780-8769-706026d67c71\" data-message-model-slug=\"gpt-5-2\">\n<div class=\"flex w-full flex-col gap-1 empty:hidden first:pt-[1px]\">\n<div class=\"markdown prose dark:prose-invert w-full wrap-break-word dark markdown-new-styling\">\n<p data-start=\"356\" data-end=\"453\" data-is-last-node=\"\" data-is-only-node=\"\">PC portable 15,6&Prime; Full HD Ryzen 3, 8 Go RAM, 256 Go, Radeon 610M, Windows 11 Pro, pav\u00e9 num\u00e9rique.<\/p>\n<\/div>\n<\/div>\n<\/div>\n<\/div>\n<\/div>\n<\/div>\n<\/article>\n<\/div>\n","protected":false},"featured_media":2701,"comment_status":"closed","ping_status":"closed","template":"","meta":[],"product_brand":[],"product_cat":[28],"product_tag":[],"class_list":{"0":"post-2700","1":"product","2":"type-product","3":"status-publish","4":"has-post-thumbnail","6":"product_cat-non-classe","8":"first","9":"instock","10":"taxable","11":"shipping-taxable","12":"purchasable","13":"product-type-simple"},"yoast_head":"<!-- This site is optimized with the Yoast SEO plugin v27.4 - https:\/\/yoast.com\/product\/yoast-seo-wordpress\/ -->\n<title>LENOVO G4 - RACCOON Cybersecurity<\/title>\n<meta name=\"robots\" content=\"index, follow, max-snippet:-1, max-image-preview:large, max-video-preview:-1\" \/>\n<link rel=\"canonical\" href=\"https:\/\/raccoon-cyber.com\/index.php\/produit\/lenovo-g4\/\" \/>\n<meta property=\"og:locale\" content=\"fr_FR\" \/>\n<meta property=\"og:type\" content=\"article\" \/>\n<meta property=\"og:title\" content=\"LENOVO G4 - RACCOON Cybersecurity\" \/>\n<meta property=\"og:description\" content=\"PC portable 15,6&quot; Full HD Ryzen 3, 8 Go RAM, 256 Go, Radeon 610M, Windows 11 Pro, pav\u00e9 num\u00e9rique.\" \/>\n<meta property=\"og:url\" content=\"https:\/\/raccoon-cyber.com\/index.php\/produit\/lenovo-g4\/\" \/>\n<meta property=\"og:site_name\" content=\"RACCOON Cybersecurity\" \/>\n<meta property=\"article:publisher\" content=\"https:\/\/www.facebook.com\/people\/Raccoon-cybersecurity\/61555745978184\" \/>\n<meta property=\"article:modified_time\" content=\"2026-02-19T10:05:30+00:00\" \/>\n<meta property=\"og:image\" content=\"https:\/\/raccoon-cyber.com\/wp-content\/uploads\/2026\/02\/1aa64324-3df1-4b68-b0d9-1fad2be51111.webp\" \/>\n\t<meta property=\"og:image:width\" content=\"577\" \/>\n\t<meta property=\"og:image:height\" content=\"433\" \/>\n\t<meta property=\"og:image:type\" content=\"image\/webp\" \/>\n<meta name=\"twitter:card\" content=\"summary_large_image\" \/>\n<script type=\"application\/ld+json\" class=\"yoast-schema-graph\">{\"@context\":\"https:\\\/\\\/schema.org\",\"@graph\":[{\"@type\":\"WebPage\",\"@id\":\"https:\\\/\\\/raccoon-cyber.com\\\/index.php\\\/produit\\\/lenovo-g4\\\/\",\"url\":\"https:\\\/\\\/raccoon-cyber.com\\\/index.php\\\/produit\\\/lenovo-g4\\\/\",\"name\":\"LENOVO G4 - RACCOON Cybersecurity\",\"isPartOf\":{\"@id\":\"https:\\\/\\\/raccoon-cyber.com\\\/#website\"},\"primaryImageOfPage\":{\"@id\":\"https:\\\/\\\/raccoon-cyber.com\\\/index.php\\\/produit\\\/lenovo-g4\\\/#primaryimage\"},\"image\":{\"@id\":\"https:\\\/\\\/raccoon-cyber.com\\\/index.php\\\/produit\\\/lenovo-g4\\\/#primaryimage\"},\"thumbnailUrl\":\"https:\\\/\\\/raccoon-cyber.com\\\/wp-content\\\/uploads\\\/2026\\\/02\\\/1aa64324-3df1-4b68-b0d9-1fad2be51111.webp\",\"datePublished\":\"2026-02-19T09:17:12+00:00\",\"dateModified\":\"2026-02-19T10:05:30+00:00\",\"breadcrumb\":{\"@id\":\"https:\\\/\\\/raccoon-cyber.com\\\/index.php\\\/produit\\\/lenovo-g4\\\/#breadcrumb\"},\"inLanguage\":\"fr-FR\",\"potentialAction\":[{\"@type\":\"ReadAction\",\"target\":[\"https:\\\/\\\/raccoon-cyber.com\\\/index.php\\\/produit\\\/lenovo-g4\\\/\"]}]},{\"@type\":\"ImageObject\",\"inLanguage\":\"fr-FR\",\"@id\":\"https:\\\/\\\/raccoon-cyber.com\\\/index.php\\\/produit\\\/lenovo-g4\\\/#primaryimage\",\"url\":\"https:\\\/\\\/raccoon-cyber.com\\\/wp-content\\\/uploads\\\/2026\\\/02\\\/1aa64324-3df1-4b68-b0d9-1fad2be51111.webp\",\"contentUrl\":\"https:\\\/\\\/raccoon-cyber.com\\\/wp-content\\\/uploads\\\/2026\\\/02\\\/1aa64324-3df1-4b68-b0d9-1fad2be51111.webp\",\"width\":577,\"height\":433},{\"@type\":\"BreadcrumbList\",\"@id\":\"https:\\\/\\\/raccoon-cyber.com\\\/index.php\\\/produit\\\/lenovo-g4\\\/#breadcrumb\",\"itemListElement\":[{\"@type\":\"ListItem\",\"position\":1,\"name\":\"Accueil\",\"item\":\"https:\\\/\\\/raccoon-cyber.com\\\/\"},{\"@type\":\"ListItem\",\"position\":2,\"name\":\"Boutique\",\"item\":\"https:\\\/\\\/raccoon-cyber.com\\\/index.php\\\/boutique\\\/\"},{\"@type\":\"ListItem\",\"position\":3,\"name\":\"LENOVO G4\"}]},{\"@type\":\"WebSite\",\"@id\":\"https:\\\/\\\/raccoon-cyber.com\\\/#website\",\"url\":\"https:\\\/\\\/raccoon-cyber.com\\\/\",\"name\":\"https:\\\/\\\/raccoon-cyber.com\",\"description\":\"RACCOON Cybersecurity, les gardiens de votre cyberespace !\",\"publisher\":{\"@id\":\"https:\\\/\\\/raccoon-cyber.com\\\/#organization\"},\"potentialAction\":[{\"@type\":\"SearchAction\",\"target\":{\"@type\":\"EntryPoint\",\"urlTemplate\":\"https:\\\/\\\/raccoon-cyber.com\\\/?s={search_term_string}\"},\"query-input\":{\"@type\":\"PropertyValueSpecification\",\"valueRequired\":true,\"valueName\":\"search_term_string\"}}],\"inLanguage\":\"fr-FR\"},{\"@type\":\"Organization\",\"@id\":\"https:\\\/\\\/raccoon-cyber.com\\\/#organization\",\"name\":\"RACCOON Cybersecurity\",\"url\":\"https:\\\/\\\/raccoon-cyber.com\\\/\",\"logo\":{\"@type\":\"ImageObject\",\"inLanguage\":\"fr-FR\",\"@id\":\"https:\\\/\\\/raccoon-cyber.com\\\/#\\\/schema\\\/logo\\\/image\\\/\",\"url\":\"https:\\\/\\\/raccoon-cyber.com\\\/wp-content\\\/uploads\\\/2026\\\/02\\\/LOGO_RACCOON.png\",\"contentUrl\":\"https:\\\/\\\/raccoon-cyber.com\\\/wp-content\\\/uploads\\\/2026\\\/02\\\/LOGO_RACCOON.png\",\"width\":720,\"height\":720,\"caption\":\"RACCOON Cybersecurity\"},\"image\":{\"@id\":\"https:\\\/\\\/raccoon-cyber.com\\\/#\\\/schema\\\/logo\\\/image\\\/\"},\"sameAs\":[\"https:\\\/\\\/www.facebook.com\\\/people\\\/Raccoon-cybersecurity\\\/61555745978184\",\"https:\\\/\\\/www.linkedin.com\\\/company\\\/raccoon-cybersecurity\",\"https:\\\/\\\/www.instagram.com\\\/raccoon_cybersecurity\\\/\"]}]}<\/script>\n<!-- \/ Yoast SEO plugin. -->","yoast_head_json":{"title":"LENOVO G4 - RACCOON Cybersecurity","robots":{"index":"index","follow":"follow","max-snippet":"max-snippet:-1","max-image-preview":"max-image-preview:large","max-video-preview":"max-video-preview:-1"},"canonical":"https:\/\/raccoon-cyber.com\/index.php\/produit\/lenovo-g4\/","og_locale":"fr_FR","og_type":"article","og_title":"LENOVO G4 - RACCOON Cybersecurity","og_description":"PC portable 15,6\" Full HD Ryzen 3, 8 Go RAM, 256 Go, Radeon 610M, Windows 11 Pro, pav\u00e9 num\u00e9rique.","og_url":"https:\/\/raccoon-cyber.com\/index.php\/produit\/lenovo-g4\/","og_site_name":"RACCOON Cybersecurity","article_publisher":"https:\/\/www.facebook.com\/people\/Raccoon-cybersecurity\/61555745978184","article_modified_time":"2026-02-19T10:05:30+00:00","og_image":[{"width":577,"height":433,"url":"https:\/\/raccoon-cyber.com\/wp-content\/uploads\/2026\/02\/1aa64324-3df1-4b68-b0d9-1fad2be51111.webp","type":"image\/webp"}],"twitter_card":"summary_large_image","schema":{"@context":"https:\/\/schema.org","@graph":[{"@type":"WebPage","@id":"https:\/\/raccoon-cyber.com\/index.php\/produit\/lenovo-g4\/","url":"https:\/\/raccoon-cyber.com\/index.php\/produit\/lenovo-g4\/","name":"LENOVO G4 - RACCOON Cybersecurity","isPartOf":{"@id":"https:\/\/raccoon-cyber.com\/#website"},"primaryImageOfPage":{"@id":"https:\/\/raccoon-cyber.com\/index.php\/produit\/lenovo-g4\/#primaryimage"},"image":{"@id":"https:\/\/raccoon-cyber.com\/index.php\/produit\/lenovo-g4\/#primaryimage"},"thumbnailUrl":"https:\/\/raccoon-cyber.com\/wp-content\/uploads\/2026\/02\/1aa64324-3df1-4b68-b0d9-1fad2be51111.webp","datePublished":"2026-02-19T09:17:12+00:00","dateModified":"2026-02-19T10:05:30+00:00","breadcrumb":{"@id":"https:\/\/raccoon-cyber.com\/index.php\/produit\/lenovo-g4\/#breadcrumb"},"inLanguage":"fr-FR","potentialAction":[{"@type":"ReadAction","target":["https:\/\/raccoon-cyber.com\/index.php\/produit\/lenovo-g4\/"]}]},{"@type":"ImageObject","inLanguage":"fr-FR","@id":"https:\/\/raccoon-cyber.com\/index.php\/produit\/lenovo-g4\/#primaryimage","url":"https:\/\/raccoon-cyber.com\/wp-content\/uploads\/2026\/02\/1aa64324-3df1-4b68-b0d9-1fad2be51111.webp","contentUrl":"https:\/\/raccoon-cyber.com\/wp-content\/uploads\/2026\/02\/1aa64324-3df1-4b68-b0d9-1fad2be51111.webp","width":577,"height":433},{"@type":"BreadcrumbList","@id":"https:\/\/raccoon-cyber.com\/index.php\/produit\/lenovo-g4\/#breadcrumb","itemListElement":[{"@type":"ListItem","position":1,"name":"Accueil","item":"https:\/\/raccoon-cyber.com\/"},{"@type":"ListItem","position":2,"name":"Boutique","item":"https:\/\/raccoon-cyber.com\/index.php\/boutique\/"},{"@type":"ListItem","position":3,"name":"LENOVO G4"}]},{"@type":"WebSite","@id":"https:\/\/raccoon-cyber.com\/#website","url":"https:\/\/raccoon-cyber.com\/","name":"https:\/\/raccoon-cyber.com","description":"RACCOON Cybersecurity, les gardiens de votre cyberespace !","publisher":{"@id":"https:\/\/raccoon-cyber.com\/#organization"},"potentialAction":[{"@type":"SearchAction","target":{"@type":"EntryPoint","urlTemplate":"https:\/\/raccoon-cyber.com\/?s={search_term_string}"},"query-input":{"@type":"PropertyValueSpecification","valueRequired":true,"valueName":"search_term_string"}}],"inLanguage":"fr-FR"},{"@type":"Organization","@id":"https:\/\/raccoon-cyber.com\/#organization","name":"RACCOON Cybersecurity","url":"https:\/\/raccoon-cyber.com\/","logo":{"@type":"ImageObject","inLanguage":"fr-FR","@id":"https:\/\/raccoon-cyber.com\/#\/schema\/logo\/image\/","url":"https:\/\/raccoon-cyber.com\/wp-content\/uploads\/2026\/02\/LOGO_RACCOON.png","contentUrl":"https:\/\/raccoon-cyber.com\/wp-content\/uploads\/2026\/02\/LOGO_RACCOON.png","width":720,"height":720,"caption":"RACCOON Cybersecurity"},"image":{"@id":"https:\/\/raccoon-cyber.com\/#\/schema\/logo\/image\/"},"sameAs":["https:\/\/www.facebook.com\/people\/Raccoon-cybersecurity\/61555745978184","https:\/\/www.linkedin.com\/company\/raccoon-cybersecurity","https:\/\/www.instagram.com\/raccoon_cybersecurity\/"]}]}},"_links":{"self":[{"href":"https:\/\/raccoon-cyber.com\/index.php\/wp-json\/wp\/v2\/product\/2700","targetHints":{"allow":["GET"]}}],"collection":[{"href":"https:\/\/raccoon-cyber.com\/index.php\/wp-json\/wp\/v2\/product"}],"about":[{"href":"https:\/\/raccoon-cyber.com\/index.php\/wp-json\/wp\/v2\/types\/product"}],"replies":[{"embeddable":true,"href":"https:\/\/raccoon-cyber.com\/index.php\/wp-json\/wp\/v2\/comments?post=2700"}],"wp:featuredmedia":[{"embeddable":true,"href":"https:\/\/raccoon-cyber.com\/index.php\/wp-json\/wp\/v2\/media\/2701"}],"wp:attachment":[{"href":"https:\/\/raccoon-cyber.com\/index.php\/wp-json\/wp\/v2\/media?parent=2700"}],"wp:term":[{"taxonomy":"product_brand","embeddable":true,"href":"https:\/\/raccoon-cyber.com\/index.php\/wp-json\/wp\/v2\/product_brand?post=2700"},{"taxonomy":"product_cat","embeddable":true,"href":"https:\/\/raccoon-cyber.com\/index.php\/wp-json\/wp\/v2\/product_cat?post=2700"},{"taxonomy":"product_tag","embeddable":true,"href":"https:\/\/raccoon-cyber.com\/index.php\/wp-json\/wp\/v2\/product_tag?post=2700"}],"curies":[{"name":"wp","href":"https:\/\/api.w.org\/{rel}","templated":true}]}}