{"id":33,"date":"2025-12-22T17:32:55","date_gmt":"2025-12-22T17:32:55","guid":{"rendered":"https:\/\/raccoon-cyber.com\/?page_id=33"},"modified":"2026-03-03T16:52:11","modified_gmt":"2026-03-03T16:52:11","slug":"depannage-informatique-roanne","status":"publish","type":"page","link":"https:\/\/raccoon-cyber.com\/index.php\/depannage-informatique-roanne\/","title":{"rendered":"Urgence 24\/7 | D\u00e9pannage informatique Roanne"},"content":{"rendered":"\t\t<div data-elementor-type=\"wp-page\" data-elementor-id=\"33\" class=\"elementor elementor-33\">\n\t\t\t\t<div class=\"elementor-element elementor-element-104a60e e-flex e-con-boxed e-con e-parent\" data-id=\"104a60e\" data-element_type=\"container\" data-e-type=\"container\" id=\"titre\">\n\t\t\t\t\t<div class=\"e-con-inner\">\n\t\t\t\t<div class=\"elementor-element elementor-element-ce2bbca elementor-widget elementor-widget-heading\" data-id=\"ce2bbca\" data-element_type=\"widget\" data-e-type=\"widget\" data-widget_type=\"heading.default\">\n\t\t\t\t\t<h1 class=\"elementor-heading-title elementor-size-default\">Urgence et d\u00e9pannage informatique \u00e0 Roanne<\/h1>\t\t\t\t<\/div>\n\t\t\t\t<div class=\"elementor-element elementor-element-b803e75 elementor-widget elementor-widget-heading\" data-id=\"b803e75\" data-element_type=\"widget\" data-e-type=\"widget\" data-widget_type=\"heading.default\">\n\t\t\t\t\t<h3 class=\"elementor-heading-title elementor-size-default\"><blockquote data-start=\"841\" data-end=\"947\"><p data-start=\"843\" data-end=\"947\">D\u00e9pannage et assistance cybers\u00e9curit\u00e9 : intervention d\u2019urgence 24\/7 pour professionnels et particuliers.<br><\/p><\/blockquote><\/h3>\t\t\t\t<\/div>\n\t\t<div class=\"elementor-element elementor-element-c463b67 e-con-full e-flex e-con e-child\" data-id=\"c463b67\" data-element_type=\"container\" data-e-type=\"container\">\n\t\t\t\t<div class=\"elementor-element elementor-element-7e94db6 elementor-widget elementor-widget-heading\" data-id=\"7e94db6\" data-element_type=\"widget\" data-e-type=\"widget\" data-widget_type=\"heading.default\">\n\t\t\t\t\t<h2 class=\"elementor-heading-title elementor-size-default\">Premiers gestes en cas d\u2019incident :<\/h2>\t\t\t\t<\/div>\n\t\t\t\t<div class=\"elementor-element elementor-element-e6a619e elementor-widget elementor-widget-text-editor\" data-id=\"e6a619e\" data-element_type=\"widget\" data-e-type=\"widget\" data-widget_type=\"text-editor.default\">\n\t\t\t\t\t\t\t\t\t<ul><li><strong style=\"letter-spacing: -0.1px;\">D\u00e9connectez les \u00e9quipements impact\u00e9s du r\u00e9seau pour \u00e9viter toute propagation.\u00a0<\/strong><em style=\"letter-spacing: -0.1px;\">(D\u00e9connecter le c\u00e2ble RJ45 et le Wi-Fi)<\/em><\/li><li><strong>Identifiez et isolez les acc\u00e8s affect\u00e9s ou les syst\u00e8mes compromis.\u00a0<\/strong><em>(Laisser allum\u00e9 et mettre un post-it \u00ab\u00a0Ne pas toucher\u00a0\u00bb)<\/em><\/li><li><strong>Contactez nous imm\u00e9diatement reprendre l&rsquo;activit\u00e9 le plus rapidement possible.<\/strong><\/li><\/ul>\t\t\t\t\t\t\t\t<\/div>\n\t\t\t\t<div class=\"elementor-element elementor-element-af35414 elementor-widget elementor-widget-heading\" data-id=\"af35414\" data-element_type=\"widget\" data-e-type=\"widget\" data-widget_type=\"heading.default\">\n\t\t\t\t\t<h2 class=\"elementor-heading-title elementor-size-default\">Besoin d\u2019une assistance urgente ?<\/h2>\t\t\t\t<\/div>\n\t\t\t\t<div class=\"elementor-element elementor-element-61f83c1 elementor-widget elementor-widget-text-editor\" data-id=\"61f83c1\" data-element_type=\"widget\" data-e-type=\"widget\" data-widget_type=\"text-editor.default\">\n\t\t\t\t\t\t\t\t\t<p><img decoding=\"async\" draggable=\"false\" role=\"img\" class=\"emoji\" alt=\"\ud83d\udcde\" src=\"https:\/\/s.w.org\/images\/core\/emoji\/17.0.2\/svg\/1f4de.svg\">&nbsp;<strong>06 85 38 94 41<\/strong>&nbsp;ou&nbsp;<strong>06 83 09 57 75<\/strong>&nbsp;pour un diagnostic rapide.<\/p>\n<p><strong>Ne laissez pas un incident perturber durablement votre activit\u00e9 \u2013 Nous sommes l\u00e0 pour vous aider.<\/strong><\/p>\t\t\t\t\t\t\t\t<\/div>\n\t\t\t\t<\/div>\n\t\t\t\t<div class=\"elementor-element elementor-element-5ff80fe elementor-widget elementor-widget-text-editor\" data-id=\"5ff80fe\" data-element_type=\"widget\" data-e-type=\"widget\" data-widget_type=\"text-editor.default\">\n\t\t\t\t\t\t\t\t\t<p data-pm-slice=\"0 0 []\">En cas de panne critique ou de cyberattaque, chaque minute compte. Notre service d\u2019urgence informatique \u00e0 Roanne vous permet de r\u00e9agir imm\u00e9diatement face \u00e0 un incident impactant votre activit\u00e9 : ransomware, piratage, blocage serveur, perte d\u2019acc\u00e8s aux donn\u00e9es ou dysfonctionnement r\u00e9seau.<\/p><p data-pm-slice=\"0 0 []\">Bas\u00e9s \u00e0 Roanne, nous intervenons rapidement sur site pour s\u00e9curiser, diagnostiquer et remettre en fonctionnement vos syst\u00e8mes informatiques. Cependant, notre capacit\u00e9 d\u2019intervention ne s\u2019arr\u00eate pas \u00e0 la r\u00e9gion : nous accompagnons \u00e9galement les entreprises partout en France gr\u00e2ce \u00e0 des prises en main \u00e0 distance s\u00e9curis\u00e9es.<\/p><p>Ainsi, que vous soyez implant\u00e9 \u00e0 Roanne ou ailleurs sur le territoire, vous b\u00e9n\u00e9ficiez d\u2019une prise en charge rapide, structur\u00e9e et adapt\u00e9e \u00e0 la gravit\u00e9 de la situation.<\/p><p>Notre objectif est simple : limiter l\u2019impact de l\u2019incident, restaurer votre activit\u00e9 dans les meilleurs d\u00e9lais et renforcer durablement votre niveau de s\u00e9curit\u00e9 afin d\u2019\u00e9viter toute r\u00e9cidive.<\/p>\t\t\t\t\t\t\t\t<\/div>\n\t\t<div class=\"elementor-element elementor-element-72dd538 e-con-full e-flex e-con e-child\" data-id=\"72dd538\" data-element_type=\"container\" data-e-type=\"container\">\n\t\t\t\t<div class=\"elementor-element elementor-element-0aa7b8c elementor-widget elementor-widget-text-editor\" data-id=\"0aa7b8c\" data-element_type=\"widget\" data-e-type=\"widget\" data-widget_type=\"text-editor.default\">\n\t\t\t\t\t\t\t\t\t<p data-start=\"43\" data-end=\"161\">Mieux vaut pr\u00e9venir que gu\u00e9rir : d\u00e9couvrez nos solutions de <a href=\"https:\/\/raccoon-cyber.com\/index.php\/cybersecurite\/#titre\">cybers\u00e9curit\u00e9<\/a> pour anticiper et pr\u00e9venir les attaques.<\/p>\t\t\t\t\t\t\t\t<\/div>\n\t\t\t\t<\/div>\n\t\t\t\t\t<\/div>\n\t\t\t\t<\/div>\n\t\t<div class=\"elementor-element elementor-element-91bed4c e-flex e-con-boxed e-con e-parent\" data-id=\"91bed4c\" data-element_type=\"container\" data-e-type=\"container\" data-settings=\"{&quot;background_background&quot;:&quot;classic&quot;}\">\n\t\t\t\t\t<div class=\"e-con-inner\">\n\t\t<div class=\"elementor-element elementor-element-fb9962d e-con-full e-flex e-con e-child\" data-id=\"fb9962d\" data-element_type=\"container\" data-e-type=\"container\">\n\t\t\t\t<div class=\"elementor-element elementor-element-321889d elementor-widget elementor-widget-heading\" data-id=\"321889d\" data-element_type=\"widget\" data-e-type=\"widget\" data-widget_type=\"heading.default\">\n\t\t\t\t\t<h2 class=\"elementor-heading-title elementor-size-default\"><br>Protection des donn\u00e9es &amp; conformit\u00e9 CNIL<\/h2>\t\t\t\t<\/div>\n\t\t\t\t<\/div>\n\t\t<div class=\"elementor-element elementor-element-799307d e-con-full e-flex e-con e-child\" data-id=\"799307d\" data-element_type=\"container\" data-e-type=\"container\">\n\t\t\t\t<div class=\"elementor-element elementor-element-a53eded elementor-widget elementor-widget-heading\" data-id=\"a53eded\" data-element_type=\"widget\" data-e-type=\"widget\" data-widget_type=\"heading.default\">\n\t\t\t\t\t<h3 class=\"elementor-heading-title elementor-size-default\">Commission nationale de l'informatique et des libert\u00e9s<\/h3>\t\t\t\t<\/div>\n\t\t\t\t<\/div>\n\t\t<div class=\"elementor-element elementor-element-5dac163 e-con-full e-transform e-flex e-con e-child\" data-id=\"5dac163\" data-element_type=\"container\" data-e-type=\"container\" data-settings=\"{&quot;_transform_scale_effect_hover&quot;:{&quot;unit&quot;:&quot;px&quot;,&quot;size&quot;:1.2,&quot;sizes&quot;:[]},&quot;_transform_scale_effect_hover_tablet&quot;:{&quot;unit&quot;:&quot;px&quot;,&quot;size&quot;:&quot;&quot;,&quot;sizes&quot;:[]},&quot;_transform_scale_effect_hover_mobile&quot;:{&quot;unit&quot;:&quot;px&quot;,&quot;size&quot;:&quot;&quot;,&quot;sizes&quot;:[]}}\">\n\t\t\t\t<div class=\"elementor-element elementor-element-ee0ec42 elementor-invisible elementor-widget elementor-widget-image\" data-id=\"ee0ec42\" data-element_type=\"widget\" data-e-type=\"widget\" data-settings=\"{&quot;_animation&quot;:&quot;bounce&quot;}\" data-widget_type=\"image.default\">\n\t\t\t\t\t\t\t\t\t\t\t\t\t\t\t<img fetchpriority=\"high\" decoding=\"async\" width=\"300\" height=\"300\" src=\"https:\/\/raccoon-cyber.com\/wp-content\/uploads\/2026\/02\/logo-CNIL-300x300.jpg\" class=\"attachment-medium size-medium wp-image-2481\" alt=\"Commission National d&#039;Informatique et des Libert\u00e9s\" srcset=\"https:\/\/raccoon-cyber.com\/wp-content\/uploads\/2026\/02\/logo-CNIL-300x300.jpg 300w, https:\/\/raccoon-cyber.com\/wp-content\/uploads\/2026\/02\/logo-CNIL-150x150.jpg 150w, https:\/\/raccoon-cyber.com\/wp-content\/uploads\/2026\/02\/logo-CNIL-600x600.jpg 600w, https:\/\/raccoon-cyber.com\/wp-content\/uploads\/2026\/02\/logo-CNIL-100x100.jpg 100w, https:\/\/raccoon-cyber.com\/wp-content\/uploads\/2026\/02\/logo-CNIL.jpg 605w\" sizes=\"(max-width: 300px) 100vw, 300px\" \/>\t\t\t\t\t\t\t\t\t\t\t\t\t\t\t<\/div>\n\t\t\t\t<\/div>\n\t\t<div class=\"elementor-element elementor-element-b7825ad e-con-full e-flex e-con e-child\" data-id=\"b7825ad\" data-element_type=\"container\" data-e-type=\"container\">\n\t\t\t\t<div class=\"elementor-element elementor-element-01697b9 elementor-widget elementor-widget-text-editor\" data-id=\"01697b9\" data-element_type=\"widget\" data-e-type=\"widget\" data-widget_type=\"text-editor.default\">\n\t\t\t\t\t\t\t\t\t<p data-pm-slice=\"0 0 []\">Dans le cadre d\u2019une situation d\u2019urgence, la protection des donn\u00e9es personnelles reste une priorit\u00e9 absolue. En effet, toute intervention impliquant un acc\u00e8s \u00e0 des syst\u00e8mes d\u2019information, des serveurs ou des environnements num\u00e9riques peut potentiellement concerner des donn\u00e9es sensibles. C\u2019est pourquoi nous appliquons strictement les exigences du R\u00e8glement G\u00e9n\u00e9ral sur la Protection des Donn\u00e9es (RGPD) ainsi que les recommandations de la CNIL.<\/p><p data-pm-slice=\"0 0 []\">Ainsi, chaque action men\u00e9e dans l\u2019urgence respecte les principes fondamentaux de confidentialit\u00e9, d\u2019int\u00e9grit\u00e9 et de s\u00e9curit\u00e9 des donn\u00e9es. Par ailleurs, nos proc\u00e9dures internes garantissent une tra\u00e7abilit\u00e9 compl\u00e8te des op\u00e9rations r\u00e9alis\u00e9es, notamment en cas de cyberattaque, violation de donn\u00e9es, ransomware ou incident de cybers\u00e9curit\u00e9.<\/p><p data-pm-slice=\"0 0 []\">En cas de <u style=\"font-weight: bold;\">suspicion de fuite ou de compromission de donn\u00e9es personnelles<\/u>, nous vous accompagnons \u00e9galement dans l\u2019analyse de l\u2019incident, l\u2019\u00e9valuation des risques et, le cas \u00e9ch\u00e9ant, dans la <b><u>notification aupr\u00e8s de la CNIL<\/u><\/b> dans les d\u00e9lais r\u00e9glementaires (<b><u>72 heures<\/u><\/b>). De plus, nous vous aidons \u00e0 mettre en place les mesures correctives n\u00e9cessaires afin de limiter l\u2019impact juridique, financier et r\u00e9putationnel.<\/p><p data-pm-slice=\"0 0 []\">Enfin, notre approche s\u2019inscrit dans une logique de conformit\u00e9 durable, afin de s\u00e9curiser vos syst\u00e8mes d\u2019information tout en prot\u00e9geant les droits et libert\u00e9s des personnes concern\u00e9es.<\/p><p data-pm-slice=\"0 0 []\"><a href=\"https:\/\/www.cnil.fr\/fr\/adresser-une-plainte\">CNIL : Adresser une plainte<\/a><\/p><p data-pm-slice=\"0 0 []\">\u00a0<\/p>\t\t\t\t\t\t\t\t<\/div>\n\t\t\t\t<\/div>\n\t\t\t\t\t<\/div>\n\t\t\t\t<\/div>\n\t\t\t\t<\/div>\n\t\t","protected":false},"excerpt":{"rendered":"<p>Urgence et d\u00e9pannage informatique \u00e0 Roanne D\u00e9pannage et assistance cybers\u00e9curit\u00e9 : intervention d\u2019urgence 24\/7 pour professionnels et particuliers. Premiers gestes en cas d\u2019incident : D\u00e9connectez les \u00e9quipements impact\u00e9s du r\u00e9seau pour \u00e9viter toute propagation.\u00a0(D\u00e9connecter le c\u00e2ble RJ45 et le Wi-Fi) Identifiez et isolez les acc\u00e8s affect\u00e9s ou les syst\u00e8mes compromis.\u00a0(Laisser allum\u00e9 et mettre un post-it [&hellip;]<\/p>\n","protected":false},"author":1,"featured_media":0,"parent":0,"menu_order":0,"comment_status":"closed","ping_status":"closed","template":"","meta":{"footnotes":""},"class_list":["post-33","page","type-page","status-publish","hentry"],"yoast_head":"<!-- This site is optimized with the Yoast SEO plugin v27.4 - https:\/\/yoast.com\/product\/yoast-seo-wordpress\/ -->\n<title>Urgence informatique \u00e0 Roanne | D\u00e9pannage et assistance rapide<\/title>\n<meta name=\"description\" content=\"Urgence informatique \u00e0 Roanne : intervention rapide en cas de panne, piratage, ransomware ou incident critique. Sur site ou \u00e0 distance.\" \/>\n<meta name=\"robots\" content=\"index, follow, max-snippet:-1, max-image-preview:large, max-video-preview:-1\" \/>\n<link rel=\"canonical\" href=\"https:\/\/raccoon-cyber.com\/index.php\/depannage-informatique-roanne\/\" \/>\n<meta property=\"og:locale\" content=\"fr_FR\" \/>\n<meta property=\"og:type\" content=\"article\" \/>\n<meta property=\"og:title\" content=\"Urgence informatique \u00e0 Roanne | D\u00e9pannage et assistance rapide\" \/>\n<meta property=\"og:description\" content=\"Urgence informatique \u00e0 Roanne : intervention rapide en cas de panne, piratage, ransomware ou incident critique. Sur site ou \u00e0 distance.\" \/>\n<meta property=\"og:url\" content=\"https:\/\/raccoon-cyber.com\/index.php\/depannage-informatique-roanne\/\" \/>\n<meta property=\"og:site_name\" content=\"RACCOON Cybersecurity\" \/>\n<meta property=\"article:publisher\" content=\"https:\/\/www.facebook.com\/people\/Raccoon-cybersecurity\/61555745978184\" \/>\n<meta property=\"article:modified_time\" content=\"2026-03-03T16:52:11+00:00\" \/>\n<meta property=\"og:image\" content=\"https:\/\/s.w.org\/images\/core\/emoji\/17.0.2\/svg\/1f4de.svg\" \/>\n<meta name=\"twitter:card\" content=\"summary_large_image\" \/>\n<meta name=\"twitter:label1\" content=\"Dur\u00e9e de lecture estim\u00e9e\" \/>\n\t<meta name=\"twitter:data1\" content=\"3 minutes\" \/>\n<script type=\"application\/ld+json\" class=\"yoast-schema-graph\">{\"@context\":\"https:\\\/\\\/schema.org\",\"@graph\":[{\"@type\":\"WebPage\",\"@id\":\"https:\\\/\\\/raccoon-cyber.com\\\/index.php\\\/depannage-informatique-roanne\\\/\",\"url\":\"https:\\\/\\\/raccoon-cyber.com\\\/index.php\\\/depannage-informatique-roanne\\\/\",\"name\":\"Urgence informatique \u00e0 Roanne | D\u00e9pannage et assistance rapide\",\"isPartOf\":{\"@id\":\"https:\\\/\\\/raccoon-cyber.com\\\/#website\"},\"primaryImageOfPage\":{\"@id\":\"https:\\\/\\\/raccoon-cyber.com\\\/index.php\\\/depannage-informatique-roanne\\\/#primaryimage\"},\"image\":{\"@id\":\"https:\\\/\\\/raccoon-cyber.com\\\/index.php\\\/depannage-informatique-roanne\\\/#primaryimage\"},\"thumbnailUrl\":\"https:\\\/\\\/s.w.org\\\/images\\\/core\\\/emoji\\\/17.0.2\\\/svg\\\/1f4de.svg\",\"datePublished\":\"2025-12-22T17:32:55+00:00\",\"dateModified\":\"2026-03-03T16:52:11+00:00\",\"description\":\"Urgence informatique \u00e0 Roanne : intervention rapide en cas de panne, piratage, ransomware ou incident critique. Sur site ou \u00e0 distance.\",\"breadcrumb\":{\"@id\":\"https:\\\/\\\/raccoon-cyber.com\\\/index.php\\\/depannage-informatique-roanne\\\/#breadcrumb\"},\"inLanguage\":\"fr-FR\",\"potentialAction\":[{\"@type\":\"ReadAction\",\"target\":[\"https:\\\/\\\/raccoon-cyber.com\\\/index.php\\\/depannage-informatique-roanne\\\/\"]}]},{\"@type\":\"ImageObject\",\"inLanguage\":\"fr-FR\",\"@id\":\"https:\\\/\\\/raccoon-cyber.com\\\/index.php\\\/depannage-informatique-roanne\\\/#primaryimage\",\"url\":\"https:\\\/\\\/s.w.org\\\/images\\\/core\\\/emoji\\\/17.0.2\\\/svg\\\/1f4de.svg\",\"contentUrl\":\"https:\\\/\\\/s.w.org\\\/images\\\/core\\\/emoji\\\/17.0.2\\\/svg\\\/1f4de.svg\"},{\"@type\":\"BreadcrumbList\",\"@id\":\"https:\\\/\\\/raccoon-cyber.com\\\/index.php\\\/depannage-informatique-roanne\\\/#breadcrumb\",\"itemListElement\":[{\"@type\":\"ListItem\",\"position\":1,\"name\":\"Accueil\",\"item\":\"https:\\\/\\\/raccoon-cyber.com\\\/\"},{\"@type\":\"ListItem\",\"position\":2,\"name\":\"Urgence 24\\\/7 | D\u00e9pannage informatique Roanne\"}]},{\"@type\":\"WebSite\",\"@id\":\"https:\\\/\\\/raccoon-cyber.com\\\/#website\",\"url\":\"https:\\\/\\\/raccoon-cyber.com\\\/\",\"name\":\"https:\\\/\\\/raccoon-cyber.com\",\"description\":\"RACCOON Cybersecurity, les gardiens de votre cyberespace !\",\"publisher\":{\"@id\":\"https:\\\/\\\/raccoon-cyber.com\\\/#organization\"},\"potentialAction\":[{\"@type\":\"SearchAction\",\"target\":{\"@type\":\"EntryPoint\",\"urlTemplate\":\"https:\\\/\\\/raccoon-cyber.com\\\/?s={search_term_string}\"},\"query-input\":{\"@type\":\"PropertyValueSpecification\",\"valueRequired\":true,\"valueName\":\"search_term_string\"}}],\"inLanguage\":\"fr-FR\"},{\"@type\":\"Organization\",\"@id\":\"https:\\\/\\\/raccoon-cyber.com\\\/#organization\",\"name\":\"RACCOON Cybersecurity\",\"url\":\"https:\\\/\\\/raccoon-cyber.com\\\/\",\"logo\":{\"@type\":\"ImageObject\",\"inLanguage\":\"fr-FR\",\"@id\":\"https:\\\/\\\/raccoon-cyber.com\\\/#\\\/schema\\\/logo\\\/image\\\/\",\"url\":\"https:\\\/\\\/raccoon-cyber.com\\\/wp-content\\\/uploads\\\/2026\\\/02\\\/LOGO_RACCOON.png\",\"contentUrl\":\"https:\\\/\\\/raccoon-cyber.com\\\/wp-content\\\/uploads\\\/2026\\\/02\\\/LOGO_RACCOON.png\",\"width\":720,\"height\":720,\"caption\":\"RACCOON Cybersecurity\"},\"image\":{\"@id\":\"https:\\\/\\\/raccoon-cyber.com\\\/#\\\/schema\\\/logo\\\/image\\\/\"},\"sameAs\":[\"https:\\\/\\\/www.facebook.com\\\/people\\\/Raccoon-cybersecurity\\\/61555745978184\",\"https:\\\/\\\/www.linkedin.com\\\/company\\\/raccoon-cybersecurity\",\"https:\\\/\\\/www.instagram.com\\\/raccoon_cybersecurity\\\/\"]}]}<\/script>\n<!-- \/ Yoast SEO plugin. -->","yoast_head_json":{"title":"Urgence informatique \u00e0 Roanne | D\u00e9pannage et assistance rapide","description":"Urgence informatique \u00e0 Roanne : intervention rapide en cas de panne, piratage, ransomware ou incident critique. Sur site ou \u00e0 distance.","robots":{"index":"index","follow":"follow","max-snippet":"max-snippet:-1","max-image-preview":"max-image-preview:large","max-video-preview":"max-video-preview:-1"},"canonical":"https:\/\/raccoon-cyber.com\/index.php\/depannage-informatique-roanne\/","og_locale":"fr_FR","og_type":"article","og_title":"Urgence informatique \u00e0 Roanne | D\u00e9pannage et assistance rapide","og_description":"Urgence informatique \u00e0 Roanne : intervention rapide en cas de panne, piratage, ransomware ou incident critique. Sur site ou \u00e0 distance.","og_url":"https:\/\/raccoon-cyber.com\/index.php\/depannage-informatique-roanne\/","og_site_name":"RACCOON Cybersecurity","article_publisher":"https:\/\/www.facebook.com\/people\/Raccoon-cybersecurity\/61555745978184","article_modified_time":"2026-03-03T16:52:11+00:00","og_image":[{"url":"https:\/\/s.w.org\/images\/core\/emoji\/17.0.2\/svg\/1f4de.svg","type":"","width":"","height":""}],"twitter_card":"summary_large_image","twitter_misc":{"Dur\u00e9e de lecture estim\u00e9e":"3 minutes"},"schema":{"@context":"https:\/\/schema.org","@graph":[{"@type":"WebPage","@id":"https:\/\/raccoon-cyber.com\/index.php\/depannage-informatique-roanne\/","url":"https:\/\/raccoon-cyber.com\/index.php\/depannage-informatique-roanne\/","name":"Urgence informatique \u00e0 Roanne | D\u00e9pannage et assistance rapide","isPartOf":{"@id":"https:\/\/raccoon-cyber.com\/#website"},"primaryImageOfPage":{"@id":"https:\/\/raccoon-cyber.com\/index.php\/depannage-informatique-roanne\/#primaryimage"},"image":{"@id":"https:\/\/raccoon-cyber.com\/index.php\/depannage-informatique-roanne\/#primaryimage"},"thumbnailUrl":"https:\/\/s.w.org\/images\/core\/emoji\/17.0.2\/svg\/1f4de.svg","datePublished":"2025-12-22T17:32:55+00:00","dateModified":"2026-03-03T16:52:11+00:00","description":"Urgence informatique \u00e0 Roanne : intervention rapide en cas de panne, piratage, ransomware ou incident critique. Sur site ou \u00e0 distance.","breadcrumb":{"@id":"https:\/\/raccoon-cyber.com\/index.php\/depannage-informatique-roanne\/#breadcrumb"},"inLanguage":"fr-FR","potentialAction":[{"@type":"ReadAction","target":["https:\/\/raccoon-cyber.com\/index.php\/depannage-informatique-roanne\/"]}]},{"@type":"ImageObject","inLanguage":"fr-FR","@id":"https:\/\/raccoon-cyber.com\/index.php\/depannage-informatique-roanne\/#primaryimage","url":"https:\/\/s.w.org\/images\/core\/emoji\/17.0.2\/svg\/1f4de.svg","contentUrl":"https:\/\/s.w.org\/images\/core\/emoji\/17.0.2\/svg\/1f4de.svg"},{"@type":"BreadcrumbList","@id":"https:\/\/raccoon-cyber.com\/index.php\/depannage-informatique-roanne\/#breadcrumb","itemListElement":[{"@type":"ListItem","position":1,"name":"Accueil","item":"https:\/\/raccoon-cyber.com\/"},{"@type":"ListItem","position":2,"name":"Urgence 24\/7 | D\u00e9pannage informatique Roanne"}]},{"@type":"WebSite","@id":"https:\/\/raccoon-cyber.com\/#website","url":"https:\/\/raccoon-cyber.com\/","name":"https:\/\/raccoon-cyber.com","description":"RACCOON Cybersecurity, les gardiens de votre cyberespace !","publisher":{"@id":"https:\/\/raccoon-cyber.com\/#organization"},"potentialAction":[{"@type":"SearchAction","target":{"@type":"EntryPoint","urlTemplate":"https:\/\/raccoon-cyber.com\/?s={search_term_string}"},"query-input":{"@type":"PropertyValueSpecification","valueRequired":true,"valueName":"search_term_string"}}],"inLanguage":"fr-FR"},{"@type":"Organization","@id":"https:\/\/raccoon-cyber.com\/#organization","name":"RACCOON Cybersecurity","url":"https:\/\/raccoon-cyber.com\/","logo":{"@type":"ImageObject","inLanguage":"fr-FR","@id":"https:\/\/raccoon-cyber.com\/#\/schema\/logo\/image\/","url":"https:\/\/raccoon-cyber.com\/wp-content\/uploads\/2026\/02\/LOGO_RACCOON.png","contentUrl":"https:\/\/raccoon-cyber.com\/wp-content\/uploads\/2026\/02\/LOGO_RACCOON.png","width":720,"height":720,"caption":"RACCOON Cybersecurity"},"image":{"@id":"https:\/\/raccoon-cyber.com\/#\/schema\/logo\/image\/"},"sameAs":["https:\/\/www.facebook.com\/people\/Raccoon-cybersecurity\/61555745978184","https:\/\/www.linkedin.com\/company\/raccoon-cybersecurity","https:\/\/www.instagram.com\/raccoon_cybersecurity\/"]}]}},"_links":{"self":[{"href":"https:\/\/raccoon-cyber.com\/index.php\/wp-json\/wp\/v2\/pages\/33","targetHints":{"allow":["GET"]}}],"collection":[{"href":"https:\/\/raccoon-cyber.com\/index.php\/wp-json\/wp\/v2\/pages"}],"about":[{"href":"https:\/\/raccoon-cyber.com\/index.php\/wp-json\/wp\/v2\/types\/page"}],"author":[{"embeddable":true,"href":"https:\/\/raccoon-cyber.com\/index.php\/wp-json\/wp\/v2\/users\/1"}],"replies":[{"embeddable":true,"href":"https:\/\/raccoon-cyber.com\/index.php\/wp-json\/wp\/v2\/comments?post=33"}],"version-history":[{"count":96,"href":"https:\/\/raccoon-cyber.com\/index.php\/wp-json\/wp\/v2\/pages\/33\/revisions"}],"predecessor-version":[{"id":3367,"href":"https:\/\/raccoon-cyber.com\/index.php\/wp-json\/wp\/v2\/pages\/33\/revisions\/3367"}],"wp:attachment":[{"href":"https:\/\/raccoon-cyber.com\/index.php\/wp-json\/wp\/v2\/media?parent=33"}],"curies":[{"name":"wp","href":"https:\/\/api.w.org\/{rel}","templated":true}]}}